{"id":10511,"date":"2024-05-14T11:55:40","date_gmt":"2024-05-14T11:55:40","guid":{"rendered":"https:\/\/inmobport.com\/servicios-adicionales\/"},"modified":"2024-07-30T19:58:36","modified_gmt":"2024-07-30T19:58:36","slug":"servicios-adicionales","status":"publish","type":"page","link":"https:\/\/inmobport.com\/es\/servicios-adicionales\/","title":{"rendered":"Servicios adicionales"},"content":{"rendered":"\n<p><strong>PAQUETE DE BIENVENIDA:<\/strong> Si su vuelo se retrasa o desea que le dejemos algunas provisiones en su villa, pida un paquete de bienvenida. Seleccione el paquete de bienvenida que prefiera al hacer la reserva y a\u00f1adiremos el coste adicional a su reserva.<\/p>\n\n<p>Nuestro paquete b\u00e1sico de bienvenida incluye: agua, pan, huevos, bacon, mantequilla, patatas fritas, zumo, galletas, galletas saladas tradicionales mallorquinas y vino.<\/p>\n\n<p>Nuestro Pack de Bienvenida Superior incluye: agua, leche, zumo, vino, cava, cerveza, pan, huevos, bacon, mantequilla, mermelada, galletas, galleta salada tradicional mallorquina, patatas fritas, queso, jam\u00f3n, aceitunas, frutos secos y tomates.<\/p>\n\n<p><strong>SERVICIO DE NI\u00d1ERAS: <\/strong>Deje a sus hijos en buenas manos con nuestras ni\u00f1eras profesionales. Salga a cenar o pase un d\u00eda de compras por Palma. Nuestras ni\u00f1eras cuidar\u00e1n de sus hijos en la villa mientras usted disfruta de tiempo para s\u00ed mismo.<\/p>\n\n<p><strong>TRASLADOS:<\/strong> Ofrecemos un servicio de traslado desde el aeropuerto a su villa y de vuelta al aeropuerto al final de su estancia.<a href=\"https:\/\/inmobport.com\/es\/reservar-transfer\/\" data-type=\"page\" data-id=\"9675\"> RESERVAR TRASLADO<\/a><\/p>\n\n<p><strong>SERVICIO DE CATERING: <\/strong>Para el catering privado en su villa, Sunvillas ofrece desde un desayuno en la terraza hasta un banquete de aniversario, hacemos cenas rom\u00e1nticas, fiestas de cumplea\u00f1os o un simple almuerzo junto a la piscina con amigos.<\/p>\n\n<p><strong>PEDIDOS ESPECIALES:<\/strong> Si desea darse un capricho, una visita a la peluquer\u00eda, una manicura, un masaje relajante, o encargar algo especial para sus seres queridos, un ramo de flores o una tarta de cumplea\u00f1os, p\u00f3ngase en contacto con nosotros con antelaci\u00f3n y le informaremos sobre precios y otras opciones.<\/p>\n\n<p><strong>ALQUILER DE COCHE:<\/strong> Podemos organizar la entrega de su coche de alquiler en el aeropuerto a su llegada y su recogida a la salida. Solicite m\u00e1s informaci\u00f3n.<\/p>\n\n<p><strong>ALQUILER DE BARCOS:<\/strong> Maravillosos charters en barco de d\u00eda y de noche por la costa norte de Mallorca. Para m\u00e1s informaci\u00f3n, p\u00f3ngase en contacto con Sunvillas.<\/p>\n\n<p><strong>LIMPIEZA EXTRA:<\/strong> Para un servicio de limpieza extra o una limpieza de media estancia, por favor h\u00e1ganos saber cu\u00e1ntos d\u00edas\/horas extra necesita y su horario preferido y le enviaremos una asistenta. Consulte precios y detalles con Sunvillas.<\/p>\n\n<p><strong>ALQUILER DE BICICLETAS:<\/strong> Podemos organizar el alquiler de bicicletas, entre una selecci\u00f3n de bicicletas de carretera y de monta\u00f1a. La bicicleta de su elecci\u00f3n le estar\u00e1 esperando cuando llegue a su villa. Consulte precios y detalles.<\/p>\n\n<p>Todos los servicios adicionales deben solicitarse con antelaci\u00f3n. Estos servicios est\u00e1n sujetos a disponibilidad.<\/p>\n","protected":false},"excerpt":{"rendered":"<p>PAQUETE DE BIENVENIDA: Si su vuelo se retrasa o desea que le dejemos algunas provisiones en su villa, pida un paquete de bienvenida. Seleccione el paquete de bienvenida que prefiera al hacer la reserva y a\u00f1adiremos el coste adicional a su reserva. Nuestro paquete b\u00e1sico de bienvenida incluye: agua, pan, huevos, bacon, mantequilla, patatas fritas, [&hellip;]<\/p>\n","protected":false},"author":7,"featured_media":0,"parent":0,"menu_order":0,"comment_status":"closed","ping_status":"closed","template":"","meta":{"_jet_sm_ready_style":"","_jet_sm_style":"","_jet_sm_controls_values":"","_jet_sm_fonts_collection":"","_jet_sm_fonts_links":"","footnotes":""},"class_list":["post-10511","page","type-page","status-publish","hentry"],"_links":{"self":[{"href":"https:\/\/inmobport.com\/es\/wp-json\/wp\/v2\/pages\/10511","targetHints":{"allow":["GET"]}}],"collection":[{"href":"https:\/\/inmobport.com\/es\/wp-json\/wp\/v2\/pages"}],"about":[{"href":"https:\/\/inmobport.com\/es\/wp-json\/wp\/v2\/types\/page"}],"author":[{"embeddable":true,"href":"https:\/\/inmobport.com\/es\/wp-json\/wp\/v2\/users\/7"}],"replies":[{"embeddable":true,"href":"https:\/\/inmobport.com\/es\/wp-json\/wp\/v2\/comments?post=10511"}],"version-history":[{"count":1,"href":"https:\/\/inmobport.com\/es\/wp-json\/wp\/v2\/pages\/10511\/revisions"}],"predecessor-version":[{"id":10512,"href":"https:\/\/inmobport.com\/es\/wp-json\/wp\/v2\/pages\/10511\/revisions\/10512"}],"wp:attachment":[{"href":"https:\/\/inmobport.com\/es\/wp-json\/wp\/v2\/media?parent=10511"}],"curies":[{"name":"wp","href":"https:\/\/api.w.org\/{rel}","templated":true}]}}